{"id":13,"date":"2022-11-30T10:12:07","date_gmt":"2022-11-30T09:12:07","guid":{"rendered":"https:\/\/totemus.com\/goodies\/?page_id=13"},"modified":"2025-10-28T15:42:47","modified_gmt":"2025-10-28T14:42:47","slug":"shop","status":"publish","type":"page","link":"https:\/\/totemus.com\/goodies\/","title":{"rendered":"Shop"},"content":{"rendered":"","protected":false},"excerpt":{"rendered":"","protected":false},"author":1,"featured_media":0,"parent":0,"menu_order":0,"comment_status":"closed","ping_status":"closed","template":"template\/tpl_shop.php","meta":{"_acf_changed":false,"_seopress_robots_primary_cat":"","_seopress_titles_title":"Goodies Totemus - Boutique officielle de merchandising pour chasseurs de tr\u00e9sors","_seopress_titles_desc":"D\u00e9couvrez la boutique officielle Totemus : t-shirts, gourdes, batteres, sacs \u00e0 dos, accessoires et autres goodies \u00e0 l\u2019image de vos aventures pr\u00e9f\u00e9r\u00e9es.","_seopress_robots_index":"","footnotes":""},"class_list":["post-13","page","type-page","status-publish","hentry"],"acf":[],"lang":"fr","translations":{"fr":13},"pll_sync_post":[],"_links":{"self":[{"href":"https:\/\/totemus.com\/goodies\/wp-json\/wp\/v2\/pages\/13","targetHints":{"allow":["GET"]}}],"collection":[{"href":"https:\/\/totemus.com\/goodies\/wp-json\/wp\/v2\/pages"}],"about":[{"href":"https:\/\/totemus.com\/goodies\/wp-json\/wp\/v2\/types\/page"}],"author":[{"embeddable":true,"href":"https:\/\/totemus.com\/goodies\/wp-json\/wp\/v2\/users\/1"}],"replies":[{"embeddable":true,"href":"https:\/\/totemus.com\/goodies\/wp-json\/wp\/v2\/comments?post=13"}],"version-history":[{"count":7,"href":"https:\/\/totemus.com\/goodies\/wp-json\/wp\/v2\/pages\/13\/revisions"}],"predecessor-version":[{"id":1067,"href":"https:\/\/totemus.com\/goodies\/wp-json\/wp\/v2\/pages\/13\/revisions\/1067"}],"wp:attachment":[{"href":"https:\/\/totemus.com\/goodies\/wp-json\/wp\/v2\/media?parent=13"}],"curies":[{"name":"wp","href":"https:\/\/api.w.org\/{rel}","templated":true}]}}